{"id":987495406,"date":"2024-12-23T14:54:07","date_gmt":"2024-12-23T14:54:07","guid":{"rendered":"https:\/\/finca.geertleutscher.nl\/?page_id=987495406"},"modified":"2025-01-09T16:00:29","modified_gmt":"2025-01-09T16:00:29","slug":"route","status":"publish","type":"page","link":"https:\/\/finca.geertleutscher.nl\/es\/route\/","title":{"rendered":"Ruta"},"content":{"rendered":"<p>[et_pb_section fb_built=&#8221;1&#8243; specialty=&#8221;on&#8221; prev_background_color=&#8221;#ffffff&#8221; _builder_version=&#8221;4.27.4&#8243; _module_preset=&#8221;default&#8221; use_background_color_gradient=&#8221;on&#8221; background_color_gradient_stops=&#8221;#f2f2f2 0%|#ffffff 100%&#8221; background_color_gradient_start=&#8221;#f2f2f2&#8243; background_color_gradient_end=&#8221;#ffffff&#8221; top_divider_style=&#8221;graph2&#8243; top_divider_repeat=&#8221;1x&#8221; top_divider_flip=&#8221;vertical&#8221; global_colors_info=&#8221;{}&#8221;][et_pb_column type=&#8221;2_3&#8243; specialty_columns=&#8221;2&#8243; _builder_version=&#8221;4.16&#8243; custom_padding=&#8221;|||&#8221; global_colors_info=&#8221;{}&#8221; custom_padding__hover=&#8221;|||&#8221;][et_pb_row_inner _builder_version=&#8221;4.16&#8243; _module_preset=&#8221;default&#8221; global_colors_info=&#8221;{}&#8221;][et_pb_column_inner saved_specialty_column_type=&#8221;2_3&#8243; _builder_version=&#8221;4.16&#8243; _module_preset=&#8221;default&#8221; global_colors_info=&#8221;{}&#8221;][et_pb_text _builder_version=&#8221;4.27.4&#8243; _module_preset=&#8221;b6cb9bd8-0fbd-4699-b58d-51b3d480db23&#8243; header_font=&#8221;Montserrat|900|||||||&#8221; header_font_size=&#8221;38px&#8221; header_2_font=&#8221;Barlow|700|||||||&#8221; header_2_font_size=&#8221;48px&#8221; header_2_line_height=&#8221;1.2em&#8221; max_width=&#8221;650px&#8221; custom_margin=&#8221;||20px||false|false&#8221; header_font_size_tablet=&#8221;32px&#8221; header_font_size_phone=&#8221;28px&#8221; header_font_size_last_edited=&#8221;on|desktop&#8221; header_2_font_size_tablet=&#8221;32px&#8221; header_2_font_size_phone=&#8221;20px&#8221; header_2_font_size_last_edited=&#8221;on|desktop&#8221; locked=&#8221;off&#8221; global_colors_info=&#8221;{}&#8221;]<\/p>\n<h1>Ruta<span style=\"color: #00DBFF;\">descripci\u00f3n<\/span><\/h1>\n<p>[\/et_pb_text][et_pb_text _builder_version=&#8221;4.27.4&#8243; _module_preset=&#8221;f0cf31b9-b2e7-4752-a57c-6e2f73347b36&#8243; text_font=&#8221;Lato||||||||&#8221; text_font_size=&#8221;16px&#8221; text_line_height=&#8221;1.8em&#8221; max_width=&#8221;650px&#8221; text_font_size_tablet=&#8221;15px&#8221; text_font_size_phone=&#8221;14px&#8221; text_font_size_last_edited=&#8221;on|desktop&#8221; header_font_size_tablet=&#8221;55px&#8221; header_font_size_last_edited=&#8221;off|desktop&#8221; locked=&#8221;off&#8221; global_colors_info=&#8221;{}&#8221;]<\/p>\n<p><b>Vienes de <span style=\"color: #00dbff;\">la autopista:<\/span><\/b><\/p>\n<ul>\n<li>Toma<span>\u00a0<\/span><b>salida 346 o 42 (para navegaci\u00f3n m\u00e1s antigua) <\/b>direcci\u00f3n<span>\u00a0<\/span><b>Ulldecona\/Alcanar\/N-238\/Vinar\u00f3s<\/b><\/li>\n<li>Ga direct linksaf richting<span>\u00a0<\/span><b>N-238<\/b><span>\u00a0<\/span>(signos a<span>\u00a0<\/span><b>CS-332\/Ulldecona<\/b>)<\/li>\n<li><span data-olk-copy-source=\"MessageBody\">Ga direct na de snelweg splitsing richting Uldecona linksaf, na 150 meter zie je palmbomen in de fruitgaard, dat is de weg naar onze Finca.<\/span><\/li>\n<li>Volg deze weg voor 300 meter en u bent gearriveerd<\/li>\n<\/ul>\n<p><b>Llegar\u00e1 desde el <span style=\"color: #00dbff;\">costa (Vinar\u00f3s o Benicarl\u00f3):<\/span><\/b><\/p>\n<ul>\n<li>Sigue el<span>\u00a0<\/span><b>N-340<\/b><span>\u00a0<\/span>en Vinar\u00f3s y desviarse hacia la<span>\u00a0<\/span><b>N-238<\/b><span>\u00a0<\/span>hacia Ulldecona<\/li>\n<li>En la primera y \u00fanica rotonda de la<span>\u00a0<\/span><b>N-238<\/b><span>\u00a0<\/span>todo recto<\/li>\n<li>Sigue el<span>\u00a0<\/span><b>N-238<\/b><span>\u00a0<\/span>durante 9 kil\u00f3metros, mant\u00e9ngase a la derecha despu\u00e9s de 8,5 kil\u00f3metros<\/li>\n<li><span data-olk-copy-source=\"MessageBody\">Ga direct na de snelweg splitsing richting Uldecona linksaf, na 150 meter zie je palmbomen in de fruitgaard, dat is de weg naar onze Finca.<\/span><\/li>\n<li>Volg deze weg voor 300 meter en u bent gearriveerd<\/li>\n<\/ul>\n<p>Tambi\u00e9n puede utilizar la carpeta de abajo haciendo clic en el icono rojo.<\/p>\n<p>[\/et_pb_text][\/et_pb_column_inner][\/et_pb_row_inner][et_pb_row_inner _builder_version=&#8221;4.27.4&#8243; _module_preset=&#8221;default&#8221; global_colors_info=&#8221;{}&#8221;][et_pb_column_inner saved_specialty_column_type=&#8221;2_3&#8243; _builder_version=&#8221;4.27.4&#8243; _module_preset=&#8221;default&#8221; global_colors_info=&#8221;{}&#8221;][et_pb_map address=&#8221;N-238, 12500 Vinar\u00f2s, Castell\u00f3n, Spanje&#8221; address_lat=&#8221;40.5554649&#8243; address_lng=&#8221;0.4288014&#8243; mouse_wheel=&#8221;off&#8221; _builder_version=&#8221;4.27.4&#8243; _module_preset=&#8221;default&#8221; hover_enabled=&#8221;0&#8243; global_colors_info=&#8221;{}&#8221; zoom_level=&#8221;15&#8243; sticky_enabled=&#8221;0&#8243;][\/et_pb_map][\/et_pb_column_inner][\/et_pb_row_inner][\/et_pb_column][et_pb_column type=&#8221;1_3&#8243; _builder_version=&#8221;4.16&#8243; custom_padding=&#8221;|||&#8221; global_colors_info=&#8221;{}&#8221; custom_padding__hover=&#8221;|||&#8221;][et_pb_image src=&#8221;https:\/\/finca.geertleutscher.nl\/wp-content\/uploads\/2024\/12\/finca_perspectiva_route_1.jpg&#8221; alt=&#8221;finca perspectiva map&#8221; title_text=&#8221;finca_perspectiva_route_1&#8243; _builder_version=&#8221;4.27.4&#8243; _module_preset=&#8221;default&#8221; max_width=&#8221;400px&#8221; locked=&#8221;off&#8221; global_colors_info=&#8221;{}&#8221;][\/et_pb_image][\/et_pb_column][\/et_pb_section]<\/p>","protected":false},"excerpt":{"rendered":"<p>RoutebeschrijvingU komt vanaf de snelweg: Neem\u00a0afslag 346 of 42 (bij oudere navigatie) richting\u00a0Ulldecona\/Alcanar\/N-238\/Vinar\u00f3s Ga direct linksaf richting\u00a0N-238\u00a0(borden naar\u00a0CS-332\/Ulldecona) Ga direct na de snelweg splitsing richting Uldecona linksaf, na 150 meter zie je palmbomen in de fruitgaard, dat is de weg naar onze Finca. Volg deze weg voor 300 meter en u bent gearriveerd U komt [&hellip;]<\/p>","protected":false},"author":1,"featured_media":0,"parent":0,"menu_order":0,"comment_status":"closed","ping_status":"closed","template":"","meta":{"_et_pb_use_builder":"on","_et_pb_old_content":"","_et_gb_content_width":"","footnotes":""},"class_list":["post-987495406","page","type-page","status-publish","hentry"],"_links":{"self":[{"href":"https:\/\/finca.geertleutscher.nl\/es\/wp-json\/wp\/v2\/pages\/987495406","targetHints":{"allow":["GET"]}}],"collection":[{"href":"https:\/\/finca.geertleutscher.nl\/es\/wp-json\/wp\/v2\/pages"}],"about":[{"href":"https:\/\/finca.geertleutscher.nl\/es\/wp-json\/wp\/v2\/types\/page"}],"author":[{"embeddable":true,"href":"https:\/\/finca.geertleutscher.nl\/es\/wp-json\/wp\/v2\/users\/1"}],"replies":[{"embeddable":true,"href":"https:\/\/finca.geertleutscher.nl\/es\/wp-json\/wp\/v2\/comments?post=987495406"}],"version-history":[{"count":0,"href":"https:\/\/finca.geertleutscher.nl\/es\/wp-json\/wp\/v2\/pages\/987495406\/revisions"}],"wp:attachment":[{"href":"https:\/\/finca.geertleutscher.nl\/es\/wp-json\/wp\/v2\/media?parent=987495406"}],"curies":[{"name":"wp","href":"https:\/\/api.w.org\/{rel}","templated":true}]}}