{"id":987495377,"date":"2024-12-23T12:08:56","date_gmt":"2024-12-23T12:08:56","guid":{"rendered":"https:\/\/finca.geertleutscher.nl\/?page_id=987495377"},"modified":"2024-12-24T12:17:49","modified_gmt":"2024-12-24T12:17:49","slug":"info","status":"publish","type":"page","link":"https:\/\/finca.geertleutscher.nl\/es\/info\/","title":{"rendered":"Informaci\u00f3n"},"content":{"rendered":"<p>[et_pb_section fb_built=&#8221;1&#8243; specialty=&#8221;on&#8221; prev_background_color=&#8221;#ffffff&#8221; _builder_version=&#8221;4.16&#8243; _module_preset=&#8221;default&#8221; use_background_color_gradient=&#8221;on&#8221; background_color_gradient_stops=&#8221;#f2f2f2 0%|#ffffff 100%&#8221; background_color_gradient_start=&#8221;#f2f2f2&#8243; background_color_gradient_end=&#8221;#ffffff&#8221; top_divider_style=&#8221;waves&#8221; top_divider_height=&#8221;15vw&#8221; top_divider_repeat=&#8221;1.5x&#8221; global_colors_info=&#8221;{}&#8221;][et_pb_column type=&#8221;2_3&#8243; specialty_columns=&#8221;2&#8243; _builder_version=&#8221;4.16&#8243; custom_padding=&#8221;|||&#8221; global_colors_info=&#8221;{}&#8221; custom_padding__hover=&#8221;|||&#8221;][et_pb_row_inner _builder_version=&#8221;4.16&#8243; _module_preset=&#8221;default&#8221; global_colors_info=&#8221;{}&#8221;][et_pb_column_inner saved_specialty_column_type=&#8221;2_3&#8243; _builder_version=&#8221;4.16&#8243; _module_preset=&#8221;default&#8221; global_colors_info=&#8221;{}&#8221;][et_pb_text _builder_version=&#8221;4.27.4&#8243; _module_preset=&#8221;b6cb9bd8-0fbd-4699-b58d-51b3d480db23&#8243; header_font=&#8221;Montserrat|900|||||||&#8221; header_font_size=&#8221;38px&#8221; header_2_font=&#8221;Barlow|700|||||||&#8221; header_2_font_size=&#8221;48px&#8221; header_2_line_height=&#8221;1.2em&#8221; max_width=&#8221;650px&#8221; custom_margin=&#8221;||20px||false|false&#8221; hover_enabled=&#8221;0&#8243; header_font_size_tablet=&#8221;32px&#8221; header_font_size_phone=&#8221;28px&#8221; header_font_size_last_edited=&#8221;on|desktop&#8221; header_2_font_size_tablet=&#8221;32px&#8221; header_2_font_size_phone=&#8221;20px&#8221; header_2_font_size_last_edited=&#8221;on|desktop&#8221; locked=&#8221;off&#8221; global_colors_info=&#8221;{}&#8221; sticky_enabled=&#8221;0&#8243;]<\/p>\n<h1>General <span style=\"color: #00DBFF;\">Informaci\u00f3n<\/span><\/h1>\n<p>[\/et_pb_text][et_pb_text _builder_version=&#8221;4.27.4&#8243; _module_preset=&#8221;f0cf31b9-b2e7-4752-a57c-6e2f73347b36&#8243; text_font=&#8221;Lato||||||||&#8221; text_font_size=&#8221;16px&#8221; text_line_height=&#8221;1.8em&#8221; max_width=&#8221;650px&#8221; text_font_size_tablet=&#8221;15px&#8221; text_font_size_phone=&#8221;14px&#8221; text_font_size_last_edited=&#8221;on|desktop&#8221; header_font_size_tablet=&#8221;55px&#8221; header_font_size_last_edited=&#8221;off|desktop&#8221; locked=&#8221;off&#8221; global_colors_info=&#8221;{}&#8221;]<\/p>\n<p><span>Desde julio de 2009, un poco m\u00e1s arriba de Valencia, cerca de Benicarl\u00f3 y Pe\u00f1\u00edscola, funciona este parque de caravanas de gesti\u00f3n neerlandesa. La iniciativa surgi\u00f3 al ver la necesidad de un aparcamiento de caravanas con gesti\u00f3n neerlandesa en esta regi\u00f3n. Incluso para las personas que van de vacaciones m\u00e1s al sur, esta ubicaci\u00f3n es ideal, ya que est\u00e1 justo al lado de la autopista hacia el sur (hacia Valencia y Benidorm).<\/span><\/p>\n<p><span>Su caravana tambi\u00e9n se alivia durante el periodo de almacenamiento (se desatornillan los soportes). Esto es mucho mejor para los neum\u00e1ticos y, antes de recoger la caravana, se comprueban y se inflan.<\/span><\/p>\n<p><span>Si lo desea, incluso podemos lavar la caravana por usted, as\u00ed como recogerla\/devolverla a y desde el camping.<\/span><\/p>\n<p><span>Todo ello le permitir\u00e1 empezar a disfrutar de sus vacaciones nada m\u00e1s llegar.<\/span><\/p>\n<p>[\/et_pb_text][\/et_pb_column_inner][\/et_pb_row_inner][\/et_pb_column][et_pb_column type=&#8221;1_3&#8243; _builder_version=&#8221;4.16&#8243; custom_padding=&#8221;|||&#8221; global_colors_info=&#8221;{}&#8221; custom_padding__hover=&#8221;|||&#8221;][et_pb_image src=&#8221;https:\/\/finca.geertleutscher.nl\/wp-content\/uploads\/2024\/12\/finca_perspectiva_info_2.jpg&#8221; alt=&#8221;finca perspectiva info 2&#8243; title_text=&#8221;finca_perspectiva_info_2&#8243; _builder_version=&#8221;4.27.4&#8243; _module_preset=&#8221;default&#8221; transform_skew=&#8221;-6deg|-6deg&#8221; max_width=&#8221;400px&#8221; locked=&#8221;off&#8221; global_colors_info=&#8221;{}&#8221;][\/et_pb_image][\/et_pb_column][\/et_pb_section][et_pb_section fb_built=&#8221;1&#8243; specialty=&#8221;on&#8221; prev_background_color=&#8221;#ffffff&#8221; _builder_version=&#8221;4.27.4&#8243; _module_preset=&#8221;default&#8221; use_background_color_gradient=&#8221;on&#8221; background_color_gradient_stops=&#8221;#f2f2f2 0%|#ffffff 100%&#8221; background_color_gradient_start=&#8221;#f2f2f2&#8243; background_color_gradient_end=&#8221;#ffffff&#8221; top_divider_style=&#8221;arrow2&#8243; top_divider_height=&#8221;15vw&#8221; top_divider_repeat=&#8221;1.5x&#8221; global_colors_info=&#8221;{}&#8221;][et_pb_column type=&#8221;2_3&#8243; specialty_columns=&#8221;2&#8243; _builder_version=&#8221;4.16&#8243; custom_padding=&#8221;|||&#8221; global_colors_info=&#8221;{}&#8221; custom_padding__hover=&#8221;|||&#8221;][et_pb_row_inner _builder_version=&#8221;4.16&#8243; _module_preset=&#8221;default&#8221; global_colors_info=&#8221;{}&#8221;][et_pb_column_inner saved_specialty_column_type=&#8221;2_3&#8243; _builder_version=&#8221;4.16&#8243; _module_preset=&#8221;default&#8221; global_colors_info=&#8221;{}&#8221;][et_pb_text _builder_version=&#8221;4.27.4&#8243; _module_preset=&#8221;b6cb9bd8-0fbd-4699-b58d-51b3d480db23&#8243; header_font=&#8221;Montserrat|900|||||||&#8221; header_font_size=&#8221;38px&#8221; header_2_font=&#8221;Barlow|700|||||||&#8221; header_2_font_size=&#8221;48px&#8221; header_2_line_height=&#8221;1.2em&#8221; max_width=&#8221;650px&#8221; custom_margin=&#8221;||20px||false|false&#8221; hover_enabled=&#8221;0&#8243; header_font_size_tablet=&#8221;32px&#8221; header_font_size_phone=&#8221;28px&#8221; header_font_size_last_edited=&#8221;on|desktop&#8221; header_2_font_size_tablet=&#8221;32px&#8221; header_2_font_size_phone=&#8221;20px&#8221; header_2_font_size_last_edited=&#8221;on|desktop&#8221; locked=&#8221;off&#8221; global_colors_info=&#8221;{}&#8221; sticky_enabled=&#8221;0&#8243;]<\/p>\n<h1>Aeropuerto <span style=\"color: #00DBFF;\">Transporte<\/span><\/h1>\n<p>[\/et_pb_text][et_pb_text _builder_version=&#8221;4.27.4&#8243; _module_preset=&#8221;f0cf31b9-b2e7-4752-a57c-6e2f73347b36&#8243; text_font=&#8221;Lato||||||||&#8221; text_font_size=&#8221;16px&#8221; text_line_height=&#8221;1.8em&#8221; max_width=&#8221;650px&#8221; text_font_size_tablet=&#8221;15px&#8221; text_font_size_phone=&#8221;14px&#8221; text_font_size_last_edited=&#8221;on|desktop&#8221; header_font_size_tablet=&#8221;55px&#8221; header_font_size_last_edited=&#8221;off|desktop&#8221; locked=&#8221;off&#8221; global_colors_info=&#8221;{}&#8221;]<\/p>\n<p><span>Si quiere empezar sus vacaciones totalmente descansado, podemos incluso recogerle en el aeropuerto y llevarle directamente al camping, donde su caravana ya le estar\u00e1 esperando.<\/span><\/p>\n<p><span><\/span><\/p>\n<p><span><b>No lo dude, solicite informaci\u00f3n o llame directamente para reservar.<\/b><\/span><\/p>\n<p>[\/et_pb_text][\/et_pb_column_inner][\/et_pb_row_inner][\/et_pb_column][et_pb_column type=&#8221;1_3&#8243; _builder_version=&#8221;4.16&#8243; custom_padding=&#8221;|||&#8221; global_colors_info=&#8221;{}&#8221; custom_padding__hover=&#8221;|||&#8221;][et_pb_image src=&#8221;https:\/\/finca.geertleutscher.nl\/wp-content\/uploads\/2024\/12\/finca_perspectiva_info_3.jpg&#8221; alt=&#8221;finca perspectiva info 3&#8243; title_text=&#8221;finca_perspectiva_info_3&#8243; _builder_version=&#8221;4.27.4&#8243; _module_preset=&#8221;default&#8221; transform_skew=&#8221;-6deg|-6deg&#8221; max_width=&#8221;400px&#8221; hover_enabled=&#8221;0&#8243; locked=&#8221;off&#8221; global_colors_info=&#8221;{}&#8221; sticky_enabled=&#8221;0&#8243;][\/et_pb_image][\/et_pb_column][\/et_pb_section]<\/p>","protected":false},"excerpt":{"rendered":"<p>Algemene InformatieSinds juli 2009 is er een stuk boven Valencia vlakbij Benicarlo en Peniscola deze Nederlandstalige caravanstalling actief. Het initiatief is genomen na het zien van de behoefte aan een caravanstalling met Nederlands beheer in deze regio. Zelfs voor personen die verder naar het zuiden op vakantie gaan is deze locatie ideaal, hij ligt namelijk [&hellip;]<\/p>","protected":false},"author":1,"featured_media":0,"parent":0,"menu_order":0,"comment_status":"closed","ping_status":"closed","template":"","meta":{"_et_pb_use_builder":"on","_et_pb_old_content":"","_et_gb_content_width":"","footnotes":""},"class_list":["post-987495377","page","type-page","status-publish","hentry"],"_links":{"self":[{"href":"https:\/\/finca.geertleutscher.nl\/es\/wp-json\/wp\/v2\/pages\/987495377","targetHints":{"allow":["GET"]}}],"collection":[{"href":"https:\/\/finca.geertleutscher.nl\/es\/wp-json\/wp\/v2\/pages"}],"about":[{"href":"https:\/\/finca.geertleutscher.nl\/es\/wp-json\/wp\/v2\/types\/page"}],"author":[{"embeddable":true,"href":"https:\/\/finca.geertleutscher.nl\/es\/wp-json\/wp\/v2\/users\/1"}],"replies":[{"embeddable":true,"href":"https:\/\/finca.geertleutscher.nl\/es\/wp-json\/wp\/v2\/comments?post=987495377"}],"version-history":[{"count":0,"href":"https:\/\/finca.geertleutscher.nl\/es\/wp-json\/wp\/v2\/pages\/987495377\/revisions"}],"wp:attachment":[{"href":"https:\/\/finca.geertleutscher.nl\/es\/wp-json\/wp\/v2\/media?parent=987495377"}],"curies":[{"name":"wp","href":"https:\/\/api.w.org\/{rel}","templated":true}]}}