{"id":987495377,"date":"2024-12-23T12:08:56","date_gmt":"2024-12-23T12:08:56","guid":{"rendered":"https:\/\/finca.geertleutscher.nl\/?page_id=987495377"},"modified":"2024-12-24T12:17:49","modified_gmt":"2024-12-24T12:17:49","slug":"info","status":"publish","type":"page","link":"https:\/\/finca.geertleutscher.nl\/de\/info\/","title":{"rendered":"Infos"},"content":{"rendered":"<p>[et_pb_section fb_built=&#8221;1&#8243; specialty=&#8221;on&#8221; prev_background_color=&#8221;#ffffff&#8221; _builder_version=&#8221;4.16&#8243; _module_preset=&#8221;default&#8221; use_background_color_gradient=&#8221;on&#8221; background_color_gradient_stops=&#8221;#f2f2f2 0%|#ffffff 100%&#8221; background_color_gradient_start=&#8221;#f2f2f2&#8243; background_color_gradient_end=&#8221;#ffffff&#8221; top_divider_style=&#8221;waves&#8221; top_divider_height=&#8221;15vw&#8221; top_divider_repeat=&#8221;1.5x&#8221; global_colors_info=&#8221;{}&#8221;][et_pb_column type=&#8221;2_3&#8243; specialty_columns=&#8221;2&#8243; _builder_version=&#8221;4.16&#8243; custom_padding=&#8221;|||&#8221; global_colors_info=&#8221;{}&#8221; custom_padding__hover=&#8221;|||&#8221;][et_pb_row_inner _builder_version=&#8221;4.16&#8243; _module_preset=&#8221;default&#8221; global_colors_info=&#8221;{}&#8221;][et_pb_column_inner saved_specialty_column_type=&#8221;2_3&#8243; _builder_version=&#8221;4.16&#8243; _module_preset=&#8221;default&#8221; global_colors_info=&#8221;{}&#8221;][et_pb_text _builder_version=&#8221;4.27.4&#8243; _module_preset=&#8221;b6cb9bd8-0fbd-4699-b58d-51b3d480db23&#8243; header_font=&#8221;Montserrat|900|||||||&#8221; header_font_size=&#8221;38px&#8221; header_2_font=&#8221;Barlow|700|||||||&#8221; header_2_font_size=&#8221;48px&#8221; header_2_line_height=&#8221;1.2em&#8221; max_width=&#8221;650px&#8221; custom_margin=&#8221;||20px||false|false&#8221; hover_enabled=&#8221;0&#8243; header_font_size_tablet=&#8221;32px&#8221; header_font_size_phone=&#8221;28px&#8221; header_font_size_last_edited=&#8221;on|desktop&#8221; header_2_font_size_tablet=&#8221;32px&#8221; header_2_font_size_phone=&#8221;20px&#8221; header_2_font_size_last_edited=&#8221;on|desktop&#8221; locked=&#8221;off&#8221; global_colors_info=&#8221;{}&#8221; sticky_enabled=&#8221;0&#8243;]<\/p>\n<h1>Allgemein <span style=\"color: #00DBFF;\">Informationen<\/span><\/h1>\n<p>[\/et_pb_text][et_pb_text _builder_version=&#8221;4.27.4&#8243; _module_preset=&#8221;f0cf31b9-b2e7-4752-a57c-6e2f73347b36&#8243; text_font=&#8221;Lato||||||||&#8221; text_font_size=&#8221;16px&#8221; text_line_height=&#8221;1.8em&#8221; max_width=&#8221;650px&#8221; text_font_size_tablet=&#8221;15px&#8221; text_font_size_phone=&#8221;14px&#8221; text_font_size_last_edited=&#8221;on|desktop&#8221; header_font_size_tablet=&#8221;55px&#8221; header_font_size_last_edited=&#8221;off|desktop&#8221; locked=&#8221;off&#8221; global_colors_info=&#8221;{}&#8221;]<\/p>\n<p><span>Seit Juli 2009 gibt es in der N\u00e4he von Benicarlo und Peniscola, etwas oberhalb von Valencia, diesen niederl\u00e4ndischsprachigen Wohnwagenpark. Die Initiative wurde ergriffen, nachdem man den Bedarf an einem Wohnwagenpark mit niederl\u00e4ndischer Leitung in dieser Region erkannt hatte. Auch f\u00fcr Urlauber, die weiter s\u00fcdlich Urlaub machen, ist dieser Standort ideal, da er direkt an der Autobahn nach S\u00fcden (Richtung Valencia und Benidorm) liegt.<\/span><\/p>\n<p><span>Au\u00dferdem wird Ihr Wohnwagen w\u00e4hrend der Lagerung entlastet (die St\u00fctzen werden abgeschraubt). Das ist viel besser f\u00fcr die Reifen. Bevor Sie Ihren Wohnwagen abholen, werden sie kontrolliert und aufgepumpt.<\/span><\/p>\n<p><span>Wenn Sie es w\u00fcnschen, k\u00f6nnen wir den Wohnwagen f\u00fcr Sie waschen und ihn zum Campingplatz bringen und dort wieder abholen.<\/span><\/p>\n<p><span>So k\u00f6nnen Sie Ihren Urlaub schon bei der Ankunft genie\u00dfen!<\/span><\/p>\n<p>[\/et_pb_text][\/et_pb_column_inner][\/et_pb_row_inner][\/et_pb_column][et_pb_column type=&#8221;1_3&#8243; _builder_version=&#8221;4.16&#8243; custom_padding=&#8221;|||&#8221; global_colors_info=&#8221;{}&#8221; custom_padding__hover=&#8221;|||&#8221;][et_pb_image src=&#8221;https:\/\/finca.geertleutscher.nl\/wp-content\/uploads\/2024\/12\/finca_perspectiva_info_2.jpg&#8221; alt=&#8221;finca perspectiva info 2&#8243; title_text=&#8221;finca_perspectiva_info_2&#8243; _builder_version=&#8221;4.27.4&#8243; _module_preset=&#8221;default&#8221; transform_skew=&#8221;-6deg|-6deg&#8221; max_width=&#8221;400px&#8221; locked=&#8221;off&#8221; global_colors_info=&#8221;{}&#8221;][\/et_pb_image][\/et_pb_column][\/et_pb_section][et_pb_section fb_built=&#8221;1&#8243; specialty=&#8221;on&#8221; prev_background_color=&#8221;#ffffff&#8221; _builder_version=&#8221;4.27.4&#8243; _module_preset=&#8221;default&#8221; use_background_color_gradient=&#8221;on&#8221; background_color_gradient_stops=&#8221;#f2f2f2 0%|#ffffff 100%&#8221; background_color_gradient_start=&#8221;#f2f2f2&#8243; background_color_gradient_end=&#8221;#ffffff&#8221; top_divider_style=&#8221;arrow2&#8243; top_divider_height=&#8221;15vw&#8221; top_divider_repeat=&#8221;1.5x&#8221; global_colors_info=&#8221;{}&#8221;][et_pb_column type=&#8221;2_3&#8243; specialty_columns=&#8221;2&#8243; _builder_version=&#8221;4.16&#8243; custom_padding=&#8221;|||&#8221; global_colors_info=&#8221;{}&#8221; custom_padding__hover=&#8221;|||&#8221;][et_pb_row_inner _builder_version=&#8221;4.16&#8243; _module_preset=&#8221;default&#8221; global_colors_info=&#8221;{}&#8221;][et_pb_column_inner saved_specialty_column_type=&#8221;2_3&#8243; _builder_version=&#8221;4.16&#8243; _module_preset=&#8221;default&#8221; global_colors_info=&#8221;{}&#8221;][et_pb_text _builder_version=&#8221;4.27.4&#8243; _module_preset=&#8221;b6cb9bd8-0fbd-4699-b58d-51b3d480db23&#8243; header_font=&#8221;Montserrat|900|||||||&#8221; header_font_size=&#8221;38px&#8221; header_2_font=&#8221;Barlow|700|||||||&#8221; header_2_font_size=&#8221;48px&#8221; header_2_line_height=&#8221;1.2em&#8221; max_width=&#8221;650px&#8221; custom_margin=&#8221;||20px||false|false&#8221; hover_enabled=&#8221;0&#8243; header_font_size_tablet=&#8221;32px&#8221; header_font_size_phone=&#8221;28px&#8221; header_font_size_last_edited=&#8221;on|desktop&#8221; header_2_font_size_tablet=&#8221;32px&#8221; header_2_font_size_phone=&#8221;20px&#8221; header_2_font_size_last_edited=&#8221;on|desktop&#8221; locked=&#8221;off&#8221; global_colors_info=&#8221;{}&#8221; sticky_enabled=&#8221;0&#8243;]<\/p>\n<h1>Flughafen <span style=\"color: #00DBFF;\">Transport<\/span><\/h1>\n<p>[\/et_pb_text][et_pb_text _builder_version=&#8221;4.27.4&#8243; _module_preset=&#8221;f0cf31b9-b2e7-4752-a57c-6e2f73347b36&#8243; text_font=&#8221;Lato||||||||&#8221; text_font_size=&#8221;16px&#8221; text_line_height=&#8221;1.8em&#8221; max_width=&#8221;650px&#8221; text_font_size_tablet=&#8221;15px&#8221; text_font_size_phone=&#8221;14px&#8221; text_font_size_last_edited=&#8221;on|desktop&#8221; header_font_size_tablet=&#8221;55px&#8221; header_font_size_last_edited=&#8221;off|desktop&#8221; locked=&#8221;off&#8221; global_colors_info=&#8221;{}&#8221;]<\/p>\n<p><span>Wenn Sie ausgeruht in den Urlaub starten m\u00f6chten, k\u00f6nnen wir Sie sogar vom Flughafen abholen und direkt zum Campingplatz bringen, wo Ihr Wohnwagen auf Sie wartet.<\/span><\/p>\n<p><span><\/span><\/p>\n<p><span><b>Z\u00f6gern Sie nicht, fordern Sie Informationen an oder rufen Sie direkt an, um zu buchen!<\/b><\/span><\/p>\n<p>[\/et_pb_text][\/et_pb_column_inner][\/et_pb_row_inner][\/et_pb_column][et_pb_column type=&#8221;1_3&#8243; _builder_version=&#8221;4.16&#8243; custom_padding=&#8221;|||&#8221; global_colors_info=&#8221;{}&#8221; custom_padding__hover=&#8221;|||&#8221;][et_pb_image src=&#8221;https:\/\/finca.geertleutscher.nl\/wp-content\/uploads\/2024\/12\/finca_perspectiva_info_3.jpg&#8221; alt=&#8221;finca perspectiva info 3&#8243; title_text=&#8221;finca_perspectiva_info_3&#8243; _builder_version=&#8221;4.27.4&#8243; _module_preset=&#8221;default&#8221; transform_skew=&#8221;-6deg|-6deg&#8221; max_width=&#8221;400px&#8221; hover_enabled=&#8221;0&#8243; locked=&#8221;off&#8221; global_colors_info=&#8221;{}&#8221; sticky_enabled=&#8221;0&#8243;][\/et_pb_image][\/et_pb_column][\/et_pb_section]<\/p>","protected":false},"excerpt":{"rendered":"<p>Algemene InformatieSinds juli 2009 is er een stuk boven Valencia vlakbij Benicarlo en Peniscola deze Nederlandstalige caravanstalling actief. Het initiatief is genomen na het zien van de behoefte aan een caravanstalling met Nederlands beheer in deze regio. Zelfs voor personen die verder naar het zuiden op vakantie gaan is deze locatie ideaal, hij ligt namelijk [&hellip;]<\/p>","protected":false},"author":1,"featured_media":0,"parent":0,"menu_order":0,"comment_status":"closed","ping_status":"closed","template":"","meta":{"_et_pb_use_builder":"on","_et_pb_old_content":"","_et_gb_content_width":"","footnotes":""},"class_list":["post-987495377","page","type-page","status-publish","hentry"],"_links":{"self":[{"href":"https:\/\/finca.geertleutscher.nl\/de\/wp-json\/wp\/v2\/pages\/987495377","targetHints":{"allow":["GET"]}}],"collection":[{"href":"https:\/\/finca.geertleutscher.nl\/de\/wp-json\/wp\/v2\/pages"}],"about":[{"href":"https:\/\/finca.geertleutscher.nl\/de\/wp-json\/wp\/v2\/types\/page"}],"author":[{"embeddable":true,"href":"https:\/\/finca.geertleutscher.nl\/de\/wp-json\/wp\/v2\/users\/1"}],"replies":[{"embeddable":true,"href":"https:\/\/finca.geertleutscher.nl\/de\/wp-json\/wp\/v2\/comments?post=987495377"}],"version-history":[{"count":0,"href":"https:\/\/finca.geertleutscher.nl\/de\/wp-json\/wp\/v2\/pages\/987495377\/revisions"}],"wp:attachment":[{"href":"https:\/\/finca.geertleutscher.nl\/de\/wp-json\/wp\/v2\/media?parent=987495377"}],"curies":[{"name":"wp","href":"https:\/\/api.w.org\/{rel}","templated":true}]}}